{"id":438,"date":"2022-12-22T09:54:42","date_gmt":"2022-12-22T09:54:42","guid":{"rendered":"https:\/\/kingparking.pl\/wordpress\/?page_id=438"},"modified":"2024-05-06T12:01:40","modified_gmt":"2024-05-06T12:01:40","slug":"projekty-unijne-2","status":"publish","type":"page","link":"https:\/\/kingparking.pl\/?page_id=438","title":{"rendered":"Projekty unijne"},"content":{"rendered":"\r\n<p>OPIS PROJEKTU<\/p>\r\n\r\n\r\n\r\n<p>Projekt pn.:\u00a0<em>System zdalnego zarz\u0105dzania parkingami<\/em>, w ramach konkursu nr RPSL.14.02.00-IP.01-24-029\/20, wspartym w ramach Dzia\u0142ania 14.2 \u201eInwestycje w M\u015aP \u2013 REACT-EU\u201d Typ projektu \u201eInwestycje w M\u015aP\u201d w ramach Osi Priorytetowej XIV \u201eDzia\u0142ania naprawcze w kontek\u015bcie pandemii COVID-19 \u2013 REACT-EU\u201d Regionalnego Programu Operacyjnego Wojew\u00f3dztwa \u015al\u0105skiego, nr Umowy o dofinansowanie: UDA-RPSL.14.02.00-24-03H8\/20-00<\/p>\r\n\r\n\r\n\r\n<p>CEL G\u0141\u00d3WNY PROJEKTU<\/p>\r\n\r\n\r\n\r\n<p>Projekt dotyczy wprowadzenia innowacji polegaj\u0105cej na zdalnym zarz\u0105dzaniu parkingami poprzez w\u0119ze\u0142 dyspozytorski z wykorzystaniem nabywanego oprogramowania, umo\u017cliwiaj\u0105cego m. in. analiz\u0119 obrazu z kamer lub dokonywanie zmian worganizacji parkingu. Spowoduje to dostosowanie firmy do wymog\u00f3w rynku w okresie COVID daj\u0105c mo\u017cliwo\u015b\u0107 wdra\u017cania rozwi\u0105za\u0144 bezdotykowego korzystania z parkingu np. wjazd na parking z automatycznym odczytem tablicy rejestracyjnej, bez konieczno\u015bci drukowania bilet\u00f3w (system wjazdu\/wyjazdu bezdotykowy), op\u0142ata zdalna za korzystanie z parkingu (bez konieczno\u015bci kontaktu Klienta z urz\u0105dzeniami p\u0142atniczymi, biletomatami, terminalem etc.) Rozwi\u0105zania te podnios\u0105 bezpiecze\u0144stwo sanitarne u\u017cytkownik\u00f3w parking\u00f3w.<\/p>\r\n\r\n\r\n\r\n<p>PLANOWANE EFEKTY<\/p>\r\n\r\n\r\n\r\n<ul class=\"wp-block-list\">\r\n<li>utrzymania miejsc pracy: Dyspozytor &#8211; 1 etat, Serwisant &#8211; 2 etaty , Informatyk &#8211; 1 etat,<\/li>\r\n<\/ul>\r\n\r\n\r\n\r\n<ul class=\"wp-block-list\">\r\n<li>utrzymania konkurencyjno\u015bci przedsi\u0119biorstwa w wyniku, wsparcia inwestycyjnej dzia\u0142alno\u015bci polegaj\u0105cej na zakupie \u015brodk\u00f3w trwa\u0142ych i warto\u015bci niematerialnych i prawnych,<\/li>\r\n<\/ul>\r\n\r\n\r\n\r\n<ul class=\"wp-block-list\">\r\n<li>zwi\u0119kszenia konkurencyjno\u015bci przedsi\u0119biorstwa poprzez wdro\u017cenie innowacji procesowej i produktowej oraz innowacji \u00a0nie technologicznych,<\/li>\r\n<\/ul>\r\n\r\n\r\n\r\n<ul class=\"wp-block-list\">\r\n<li>utworzenie przez przedsi\u0119biorstwo wnioskodawcy nowego miejsca pracy (1 EPC): Dyspozytor.<\/li>\r\n<\/ul>\r\n\r\n\r\n\r\n<p>OKRES REALIZACJI<\/p>\r\n\r\n\r\n\r\n<p>Od 01.04.2022 do\u00a031.12.2022.<\/p>\r\n\r\n\r\n\r\n<p>Kwota wydatk\u00f3w kwalifikowanych: \u00a0288 323,00 PLN<\/p>\r\n\r\n\r\n\r\n<p>Kwota dofinansowania: 245 074,50 PLN<\/p>\r\n\r\n\r\n\r\n<p>__________________________________________<\/p>\r\n\r\n\r\n\r\n<p>ZAM\u00d3WIENIE 1<\/p>\r\n\r\n\r\n\r\n<p>Nr sprawy: 1\/2022\/14.2\/DeltaDefence<\/p>\r\n\r\n\r\n\r\n<p><strong>Tytu\u0142 zam\u00f3wienia:\u00a0<\/strong>Oprogramowanie i \u015brodki trwa\u0142e do zdalnego zarz\u0105dzania parkingami.<\/p>\r\n\r\n\r\n\r\n<p>Data og\u0142oszenia: 07.10.2022 r.<\/p>\r\n\r\n\r\n\r\n<p>Termin sk\u0142adania ofert: do 24.10.2022 r.<\/p>\r\n\r\n\r\n\r\n<p>Link do Bazy konkurencyjno\u015bci:\u00a0<a href=\"https:\/\/bazakonkurencyjnosci.funduszeeuropejskie.gov.pl\/ogloszenia\/129555\">https:\/\/bazakonkurencyjnosci.funduszeeuropejskie.gov.pl\/ogloszenia\/129555<\/a><\/p>\r\n\r\n\r\n\r\n<p>Dokumentacja:<\/p>\r\n\r\n\r\n\r\n<p>1.\u00a0 Zapytanie ofertowe (aktualne)\u00a0<a href=\"https:\/\/kingparking.pl\/wordpress\/wp-content\/uploads\/2022\/12\/Zapytanie-ofertowe_DelaDefence_2022.10.17.pdf\">POBIERZ<\/a><\/p>\r\n\r\n\r\n\r\n<p>2. \u00a0Za\u0142\u0105cznik nr 2 do Zapytania ofertowego <a href=\"https:\/\/kingparking.pl\/wordpress\/wp-content\/uploads\/2022\/12\/Za\u0142.-2_Funkcjonalno\u015bc-oprogramowania.pdf\">POBIERZ<\/a><\/p>\r\n\r\n\r\n\r\n<p>3.\u00a0 Formularz oferty\u00a0<a href=\"https:\/\/kingparking.pl\/wordpress\/wp-content\/uploads\/2022\/12\/Formularz-oferty_DeltaDefence.docx\">POBIERZ<\/a><\/p>\r\n\r\n\r\n\r\n<p>4. \u00a0Umowa (projekt)\u00a0<a href=\"https:\/\/kingparking.pl\/wordpress\/wp-content\/uploads\/2022\/12\/Umowa-projekt_1_Delta-Defence.pdf\">POBIERZ<\/a><\/p>\r\n\r\n\r\n\r\n<p>5.\u00a0 Zmiany w Zapytaniu ofertowym <a href=\"https:\/\/kingparking.pl\/wordpress\/wp-content\/uploads\/2022\/12\/Zmiany.pdf\">POBIERZ<\/a><\/p>\r\n\r\n\r\n\r\n<p>Status zam\u00f3wienia: <strong>zako\u0144czone.<\/strong><\/p>\r\n","protected":false},"excerpt":{"rendered":"<p>OPIS PROJEKTU Projekt pn.:\u00a0System zdalnego zarz\u0105dzania parkingami, w ramach konkursu nr RPSL.14.02.00-IP.01-24-029\/20, wspartym w ramach Dzia\u0142ania 14.2 \u201eInwestycje w M\u015aP \u2013 REACT-EU\u201d Typ projektu \u201eInwestycje w M\u015aP\u201d w ramach Osi Priorytetowej XIV \u201eDzia\u0142ania naprawcze w kontek\u015bcie pandemii COVID-19 \u2013 REACT-EU\u201d Regionalnego Programu Operacyjnego Wojew\u00f3dztwa \u015al\u0105skiego, nr Umowy o dofinansowanie: UDA-RPSL.14.02.00-24-03H8\/20-00 CEL G\u0141\u00d3WNY PROJEKTU Projekt dotyczy [&hellip;]<\/p>\n","protected":false},"author":1,"featured_media":0,"parent":0,"menu_order":0,"comment_status":"closed","ping_status":"closed","template":"","meta":{"ocean_post_layout":"full-width","ocean_both_sidebars_style":"","ocean_both_sidebars_content_width":0,"ocean_both_sidebars_sidebars_width":0,"ocean_sidebar":"0","ocean_second_sidebar":"0","ocean_disable_margins":"enable","ocean_add_body_class":"","ocean_shortcode_before_top_bar":"","ocean_shortcode_after_top_bar":"","ocean_shortcode_before_header":"","ocean_shortcode_after_header":"","ocean_has_shortcode":"","ocean_shortcode_after_title":"","ocean_shortcode_before_footer_widgets":"","ocean_shortcode_after_footer_widgets":"","ocean_shortcode_before_footer_bottom":"","ocean_shortcode_after_footer_bottom":"","ocean_display_top_bar":"default","ocean_display_header":"default","ocean_header_style":"","ocean_center_header_left_menu":"0","ocean_custom_header_template":"0","ocean_custom_logo":0,"ocean_custom_retina_logo":0,"ocean_custom_logo_max_width":0,"ocean_custom_logo_tablet_max_width":0,"ocean_custom_logo_mobile_max_width":0,"ocean_custom_logo_max_height":0,"ocean_custom_logo_tablet_max_height":0,"ocean_custom_logo_mobile_max_height":0,"ocean_header_custom_menu":"0","ocean_menu_typo_font_family":"0","ocean_menu_typo_font_subset":"","ocean_menu_typo_font_size":0,"ocean_menu_typo_font_size_tablet":0,"ocean_menu_typo_font_size_mobile":0,"ocean_menu_typo_font_size_unit":"px","ocean_menu_typo_font_weight":"","ocean_menu_typo_font_weight_tablet":"","ocean_menu_typo_font_weight_mobile":"","ocean_menu_typo_transform":"","ocean_menu_typo_transform_tablet":"","ocean_menu_typo_transform_mobile":"","ocean_menu_typo_line_height":0,"ocean_menu_typo_line_height_tablet":0,"ocean_menu_typo_line_height_mobile":0,"ocean_menu_typo_line_height_unit":"","ocean_menu_typo_spacing":0,"ocean_menu_typo_spacing_tablet":0,"ocean_menu_typo_spacing_mobile":0,"ocean_menu_typo_spacing_unit":"","ocean_menu_link_color":"","ocean_menu_link_color_hover":"","ocean_menu_link_color_active":"","ocean_menu_link_background":"","ocean_menu_link_hover_background":"","ocean_menu_link_active_background":"","ocean_menu_social_links_bg":"","ocean_menu_social_hover_links_bg":"","ocean_menu_social_links_color":"","ocean_menu_social_hover_links_color":"","ocean_disable_title":"default","ocean_disable_heading":"default","ocean_post_title":"","ocean_post_subheading":"","ocean_post_title_style":"","ocean_post_title_background_color":"","ocean_post_title_background":0,"ocean_post_title_bg_image_position":"","ocean_post_title_bg_image_attachment":"","ocean_post_title_bg_image_repeat":"","ocean_post_title_bg_image_size":"","ocean_post_title_height":0,"ocean_post_title_bg_overlay":0.5,"ocean_post_title_bg_overlay_color":"","ocean_disable_breadcrumbs":"default","ocean_breadcrumbs_color":"","ocean_breadcrumbs_separator_color":"","ocean_breadcrumbs_links_color":"","ocean_breadcrumbs_links_hover_color":"","ocean_display_footer_widgets":"default","ocean_display_footer_bottom":"default","ocean_custom_footer_template":"0","footnotes":""},"class_list":["post-438","page","type-page","status-publish","hentry","entry"],"_links":{"self":[{"href":"https:\/\/kingparking.pl\/index.php?rest_route=\/wp\/v2\/pages\/438","targetHints":{"allow":["GET"]}}],"collection":[{"href":"https:\/\/kingparking.pl\/index.php?rest_route=\/wp\/v2\/pages"}],"about":[{"href":"https:\/\/kingparking.pl\/index.php?rest_route=\/wp\/v2\/types\/page"}],"author":[{"embeddable":true,"href":"https:\/\/kingparking.pl\/index.php?rest_route=\/wp\/v2\/users\/1"}],"replies":[{"embeddable":true,"href":"https:\/\/kingparking.pl\/index.php?rest_route=%2Fwp%2Fv2%2Fcomments&post=438"}],"version-history":[{"count":5,"href":"https:\/\/kingparking.pl\/index.php?rest_route=\/wp\/v2\/pages\/438\/revisions"}],"predecessor-version":[{"id":493,"href":"https:\/\/kingparking.pl\/index.php?rest_route=\/wp\/v2\/pages\/438\/revisions\/493"}],"wp:attachment":[{"href":"https:\/\/kingparking.pl\/index.php?rest_route=%2Fwp%2Fv2%2Fmedia&parent=438"}],"curies":[{"name":"wp","href":"https:\/\/api.w.org\/{rel}","templated":true}]}}